{"id":2185,"date":"2025-05-26T09:49:41","date_gmt":"2025-05-26T09:49:41","guid":{"rendered":"https:\/\/vbs.co.rs\/quality\/"},"modified":"2026-02-06T12:29:27","modified_gmt":"2026-02-06T12:29:27","slug":"quality","status":"publish","type":"page","link":"https:\/\/vbs.co.rs\/en\/quality\/","title":{"rendered":"Quality"},"content":{"rendered":"<p>[et_pb_section fb_built=&#8221;1&#8243; _builder_version=&#8221;4.27.4&#8243; _module_preset=&#8221;default&#8221; background_image=&#8221;https:\/\/vbs.co.rs\/wp-content\/uploads\/2025\/05\/Quality-control.webp&#8221; global_colors_info=&#8221;{}&#8221;][et_pb_row _builder_version=&#8221;4.27.4&#8243; _module_preset=&#8221;default&#8221; width=&#8221;90%&#8221; max_width=&#8221;90%&#8221; custom_margin=&#8221;30%||||false|false&#8221; global_colors_info=&#8221;{}&#8221;][et_pb_column type=&#8221;4_4&#8243; _builder_version=&#8221;4.27.4&#8243; _module_preset=&#8221;default&#8221; global_colors_info=&#8221;{}&#8221;][et_pb_text _builder_version=&#8221;4.27.4&#8243; _module_preset=&#8221;default&#8221; text_font=&#8221;||||||||&#8221; text_text_color=&#8221;#181b1d&#8221; text_font_size=&#8221;16px&#8221; header_font=&#8221;|300|||||||&#8221; header_text_color=&#8221;#FFFFFF&#8221; header_font_size=&#8221;56px&#8221; global_colors_info=&#8221;{}&#8221;]<\/p>\n<h1 style=\"text-align: left;\"><strong>QUALITY<\/strong><\/h1>\n<p>[\/et_pb_text][\/et_pb_column][\/et_pb_row][\/et_pb_section][et_pb_section fb_built=&#8221;1&#8243; _builder_version=&#8221;4.27.4&#8243; _module_preset=&#8221;default&#8221; global_colors_info=&#8221;{}&#8221;][et_pb_row _builder_version=&#8221;4.27.4&#8243; _module_preset=&#8221;default&#8221; global_colors_info=&#8221;{}&#8221;][et_pb_column type=&#8221;4_4&#8243; _builder_version=&#8221;4.27.4&#8243; _module_preset=&#8221;default&#8221; global_colors_info=&#8221;{}&#8221;][et_pb_text content_tablet=&#8221;&#8221; content_phone=&#8221;&#8221; content_last_edited=&#8221;on|phone&#8221; _builder_version=&#8221;4.27.4&#8243; _module_preset=&#8221;default&#8221; text_font=&#8221;||||||||&#8221; text_text_color=&#8221;#181b1d&#8221; text_font_size=&#8221;16px&#8221; header_font=&#8221;|700|||||||&#8221; header_text_color=&#8221;#a1764b&#8221; header_font_size=&#8221;33px&#8221; custom_margin=&#8221;||15px||false|false&#8221; custom_padding=&#8221;||0px||false|false&#8221; header_line_height_tablet=&#8221;&#8221; header_line_height_phone=&#8221;1.1em&#8221; header_line_height_last_edited=&#8221;on|phone&#8221; global_colors_info=&#8221;{}&#8221;]<\/p>\n<h1 style=\"text-align: center;\">QUALITY<\/h1>\n<p>[\/et_pb_text][et_pb_text content_last_edited=&#8221;off|desktop&#8221; _builder_version=&#8221;4.27.5&#8243; _module_preset=&#8221;default&#8221; text_font=&#8221;||||||||&#8221; text_text_color=&#8221;#181b1d&#8221; text_font_size=&#8221;16px&#8221; hover_enabled=&#8221;0&#8243; global_colors_info=&#8221;{}&#8221; sticky_enabled=&#8221;0&#8243;]<\/p>\n<p>At Copper Mill Sevojno, the top management and all employees have set the quality of products, business processes, and the fulfillment of customer and stakeholder expectations as their primary goal. Business activities are conducted in a manner that ensures identification, preventive action, and minimization of environmental impact.<\/p>\n<p>The Quality Management System at Copper Mill Sevojno was established in 1997. Since then, we have been committed to its continuous improvement through:<\/p>\n<p>&#8211; Ongoing monitoring, measurement, and enhancement of all processes<br \/>&#8211; Enhancing resource capabilities<br \/>&#8211; Regular audits (both external and internal) and management reviews<br \/>&#8211; Implementing improvement measures and other actions to eliminate the root causes of non-conformities<\/p>\n<p>Since June 2021, Copper Mill Sevojno has implemented and certified an integrated management system in accordance with the requirements of SRPS ISO 9001:2015 and SRPS ISO 14001:2015 standards. The certification was carried out by SGS (Soci\u00e9t\u00e9 G\u00e9n\u00e9rale de Surveillance), a leading global company for verification, testing, and certification.<\/p>\n<p>In addition to the mentioned certificates, since 2010 Copper Mill Sevojno has held the NSF\/ANSI 61 certificate for CuZn15 tubes, issued by NSF International &#8211; a global organization for public health and safety.<\/p>\n<p>Our key priorities and business principles are expressed in the Quality Policy, the Environmetal Policy and the Occupational Health and Safety Policy. Employees at all levels and functions of Valjaonica bakra Sevojno are required to perform their activities in accordance with these policies.<\/p>\n<p>We strive to be the best at what we do.<\/p>\n<p>[\/et_pb_text][et_pb_text content_last_edited=&#8221;off|desktop&#8221; _builder_version=&#8221;4.27.5&#8243; _module_preset=&#8221;default&#8221; text_font=&#8221;||||||||&#8221; text_text_color=&#8221;#181b1d&#8221; text_font_size=&#8221;16px&#8221; custom_padding=&#8221;||||false|false&#8221; global_colors_info=&#8221;{}&#8221;]<\/p>\n<p style=\"text-align: justify;\"><b>Documents to download<\/b>:<br \/>&#8211; <a class=\"linkfajl\" href=\"https:\/\/vbs.co.rs\/wp-content\/uploads\/2026\/02\/Politika-kvaliteta-FINAL-za-sajt-3-scaled.jpg\" target=\"_blank\" rel=\"noopener\"><span style=\"color: #a67548;\">1.1. Quality policy<\/span><\/a><br \/>&#8211; <a class=\"linkfajl\" href=\"https:\/\/vbs.co.rs\/wp-content\/uploads\/2026\/02\/Politika-kvaliteta-FINAL-za-sajt-2-scaled.jpg\" target=\"_blank\" rel=\"noopener\"><span style=\"color: #a67548;\">1.2. Environmental protection policy<\/span><\/a><br \/>&#8211; <a class=\"linkfajl\" href=\"https:\/\/vbs.co.rs\/wp-content\/uploads\/2026\/02\/Politika-kvaliteta-FINAL-za-sajt-1-scaled.jpg\" target=\"_blank\" rel=\"noopener\"><span style=\"color: #a67548;\">1.3. Occupational health and safety policy<\/span><\/a><br \/>&#8211; <span style=\"color: #a67548;\"><a class=\"linkfajl\" href=\"https:\/\/vbs.co.rs\/wp-content\/uploads\/2025\/05\/GenericCertificate_NewLayout-1-2_Valjaonica_bakra_Sevojno_QMS_sr_izd_6.pdf\" target=\"_blank\" rel=\"noopener\" style=\"color: #a67548;\">1.4. Copper rolling mill Sevojno QMS sr ed. 6<\/a><\/span><br \/>&#8211; <span style=\"color: #a67548;\"><a class=\"linkfajl\" href=\"https:\/\/vbs.co.rs\/wp-content\/uploads\/2025\/05\/GenericCertificate_NewLayout-1-3_Valjaonica_bakra_Sevojno_EMS_sr_izd_2.pdf\" target=\"_blank\" rel=\"noopener\" style=\"color: #a67548;\">1.5. Copper rolling mill Sevojno EMS sr ed. 2<\/a><\/span><br \/>&#8211;<a href=\"https:\/\/vbs.co.rs\/wp-content\/uploads\/2026\/02\/Statement-of-Scope-IMS.pdf\" target=\"_blank\" rel=\"noopener\"> <span style=\"color: #a67548;\">1.6. Statement of Scope IMS<\/span><\/a><\/p>\n<p style=\"text-align: justify;\">Certificate validity: <a href=\"https:\/\/www.sgs.com\/en\/certified-clients-and-products#590\" target=\"_blank\" rel=\"noopener\"><span style=\"color: #a67548;\">LINK<\/span><\/a><\/p>\n<p>[\/et_pb_text][\/et_pb_column][\/et_pb_row][\/et_pb_section]<\/p>\n","protected":false},"excerpt":{"rendered":"<p>QUALITYQUALITYAt Copper Mill Sevojno, the top management and all employees have set the quality of products, business processes, and the fulfillment of customer and stakeholder expectations as their primary goal. Business activities are conducted in a manner that ensures identification, preventive action, and minimization of environmental impact. The Quality Management System at Copper Mill Sevojno [&hellip;]<\/p>\n","protected":false},"author":2,"featured_media":0,"parent":0,"menu_order":0,"comment_status":"closed","ping_status":"closed","template":"","meta":{"_et_pb_use_builder":"on","_et_pb_old_content":"","_et_gb_content_width":"","footnotes":""},"class_list":["post-2185","page","type-page","status-publish","hentry"],"_links":{"self":[{"href":"https:\/\/vbs.co.rs\/en\/wp-json\/wp\/v2\/pages\/2185","targetHints":{"allow":["GET"]}}],"collection":[{"href":"https:\/\/vbs.co.rs\/en\/wp-json\/wp\/v2\/pages"}],"about":[{"href":"https:\/\/vbs.co.rs\/en\/wp-json\/wp\/v2\/types\/page"}],"author":[{"embeddable":true,"href":"https:\/\/vbs.co.rs\/en\/wp-json\/wp\/v2\/users\/2"}],"replies":[{"embeddable":true,"href":"https:\/\/vbs.co.rs\/en\/wp-json\/wp\/v2\/comments?post=2185"}],"version-history":[{"count":5,"href":"https:\/\/vbs.co.rs\/en\/wp-json\/wp\/v2\/pages\/2185\/revisions"}],"predecessor-version":[{"id":3346,"href":"https:\/\/vbs.co.rs\/en\/wp-json\/wp\/v2\/pages\/2185\/revisions\/3346"}],"wp:attachment":[{"href":"https:\/\/vbs.co.rs\/en\/wp-json\/wp\/v2\/media?parent=2185"}],"curies":[{"name":"wp","href":"https:\/\/api.w.org\/{rel}","templated":true}]}}