{"id":2203,"date":"2025-05-26T12:32:56","date_gmt":"2025-05-26T12:32:56","guid":{"rendered":"https:\/\/vbs.co.rs\/csr\/"},"modified":"2025-06-18T09:12:24","modified_gmt":"2025-06-18T09:12:24","slug":"csr","status":"publish","type":"page","link":"https:\/\/vbs.co.rs\/en\/csr\/","title":{"rendered":"CSR"},"content":{"rendered":"<p>[et_pb_section fb_built=&#8221;1&#8243; _builder_version=&#8221;4.27.4&#8243; _module_preset=&#8221;default&#8221; global_colors_info=&#8221;{}&#8221;][et_pb_row _builder_version=&#8221;4.27.4&#8243; _module_preset=&#8221;default&#8221; global_colors_info=&#8221;{}&#8221;][et_pb_column type=&#8221;4_4&#8243; _builder_version=&#8221;4.27.4&#8243; _module_preset=&#8221;default&#8221; global_colors_info=&#8221;{}&#8221;][et_pb_text content_tablet=&#8221;<\/p>\n<h1 style=\"%22text-align:\" center=\"\">POSVE\u0106ENOST KVALITETU I ODR\u017dIVOM POSLOVANJU<br \/>U VALJAONICI BAKRA SEVOJNO<\/h1>\n<p>&#8221; content_phone=&#8221;<\/p>\n<h1 style=\"%22text-align:\" left=\"\">POSVE\u0106ENOST KVALITETU I ODR\u017dIVOM POSLOVANJU<br \/>U VALJAONICI BAKRA SEVOJNO<\/h1>\n<p>&#8221; content_last_edited=&#8221;off|desktop&#8221; _builder_version=&#8221;4.27.4&#8243; _module_preset=&#8221;default&#8221; text_font=&#8221;||||||||&#8221; text_text_color=&#8221;#181b1d&#8221; text_font_size=&#8221;16px&#8221; header_font=&#8221;|700|||||||&#8221; header_text_color=&#8221;#a1764b&#8221; header_font_size=&#8221;33px&#8221; custom_margin=&#8221;||15px||false|false&#8221; custom_padding=&#8221;||0px||false|false&#8221; header_line_height_tablet=&#8221;&#8221; header_line_height_phone=&#8221;1.1em&#8221; header_line_height_last_edited=&#8221;on|phone&#8221; global_colors_info=&#8221;{}&#8221;]<\/p>\n<h1 style=\"text-align: center;\">CSR<\/h1>\n<p>[\/et_pb_text][et_pb_text content_tablet=&#8221;<\/p>\n<p style=\"%22text-align:\" center=\"\">Valjaonica bakra Sevojno dosledno sprovodi strategiju usmerenu na vrhunski kvalitet proizvoda, za\u0161titu \u017eivotne sredine i kontinuirano unapre\u0111enje svih poslovnih procesa.<\/p>\n<p>&#8221; content_phone=&#8221;<\/p>\n<p style=\"%22text-align:\" left=\"\">Valjaonica bakra Sevojno dosledno sprovodi strategiju usmerenu na vrhunski kvalitet proizvoda, za\u0161titu \u017eivotne sredine i kontinuirano unapre\u0111enje svih poslovnih procesa.<\/p>\n<p>&#8221; content_last_edited=&#8221;off|desktop&#8221; _builder_version=&#8221;4.27.4&#8243; _module_preset=&#8221;default&#8221; text_font=&#8221;||||||||&#8221; text_text_color=&#8221;#181b1d&#8221; text_font_size=&#8221;16px&#8221; text_orientation=&#8221;justified&#8221; hover_enabled=&#8221;0&#8243; global_colors_info=&#8221;{}&#8221; sticky_enabled=&#8221;0&#8243;]<\/p>\n<p>Copper Mill Sevojno has always emphasized the importance of socially responsible business practices and has been an active participant in addressing social and environmental issues within the local community since its inception. Its significant influence on strengthening and developing the broader region clearly demonstrates that the company has consistently been a driving force behind the development of the U\u017eice area. Our guiding principle is that investing in the development of the local community within which Copper Mill Sevojno operates is also an investment in the growth of Copper Mill Sevojno itself.  <\/p>\n<p>Despite the challenging conditions caused by the economic crisis in recent years, our commitment to social responsibility has remained unwavering. We have demonstrated our dedication through a series of initiatives supported by both individuals and organizations.<\/p>\n<p>In partnership with the City of U\u017eice, we supported the NALED campaign promoting the certification of cities with favorable business environments, aiming to increase direct foreign and domestic investments by creating a positive business climate. This initiative provided investors with recommendations for local-level investments and supported U\u017eice in enhancing its competitiveness compared to other local governments in the region. <\/p>\n<p>At the management&#8217;s initiative, we actively supported the &#8220;Battle for Maternity Wards&#8221; campaign by donating two CTG devices to the U\u017eice hospital. These devices significantly eased the workload of medical staff and contributed to the comfort and safety of expectant mothers. Together with other donors, we fully met the medical equipment needs of the U\u017eice maternity ward. Through this action, Copper Mill Sevojno contributed to the care of the youngest members of our community, continuing our commitment to the future of our local area.<\/p>\n<p>We have demonstrated our commitment and proven that it is real and brings real results. Our goal is to continue being a cornerstone of development in the region where we operate, and the fulfillment of the community needs makes us really proud of our commitment to the idea of altruism.<\/p>\n<p>[\/et_pb_text][\/et_pb_column][\/et_pb_row][\/et_pb_section]<\/p>\n","protected":false},"excerpt":{"rendered":"<p>CSRCopper Mill Sevojno has always emphasized the importance of socially responsible business practices and has been an active participant in addressing social and environmental issues within the local community since its inception. Its significant influence on strengthening and developing the broader region clearly demonstrates that the company has consistently been a driving force behind the [&hellip;]<\/p>\n","protected":false},"author":2,"featured_media":0,"parent":0,"menu_order":0,"comment_status":"closed","ping_status":"closed","template":"","meta":{"_et_pb_use_builder":"on","_et_pb_old_content":"","_et_gb_content_width":"","footnotes":""},"class_list":["post-2203","page","type-page","status-publish","hentry"],"_links":{"self":[{"href":"https:\/\/vbs.co.rs\/en\/wp-json\/wp\/v2\/pages\/2203","targetHints":{"allow":["GET"]}}],"collection":[{"href":"https:\/\/vbs.co.rs\/en\/wp-json\/wp\/v2\/pages"}],"about":[{"href":"https:\/\/vbs.co.rs\/en\/wp-json\/wp\/v2\/types\/page"}],"author":[{"embeddable":true,"href":"https:\/\/vbs.co.rs\/en\/wp-json\/wp\/v2\/users\/2"}],"replies":[{"embeddable":true,"href":"https:\/\/vbs.co.rs\/en\/wp-json\/wp\/v2\/comments?post=2203"}],"version-history":[{"count":1,"href":"https:\/\/vbs.co.rs\/en\/wp-json\/wp\/v2\/pages\/2203\/revisions"}],"predecessor-version":[{"id":2204,"href":"https:\/\/vbs.co.rs\/en\/wp-json\/wp\/v2\/pages\/2203\/revisions\/2204"}],"wp:attachment":[{"href":"https:\/\/vbs.co.rs\/en\/wp-json\/wp\/v2\/media?parent=2203"}],"curies":[{"name":"wp","href":"https:\/\/api.w.org\/{rel}","templated":true}]}}