{"id":2205,"date":"2025-05-26T12:35:24","date_gmt":"2025-05-26T12:35:24","guid":{"rendered":"https:\/\/vbs.co.rs\/careers\/"},"modified":"2025-06-18T09:12:22","modified_gmt":"2025-06-18T09:12:22","slug":"careers","status":"publish","type":"page","link":"https:\/\/vbs.co.rs\/en\/careers\/","title":{"rendered":"Careers"},"content":{"rendered":"<p>[et_pb_section fb_built=&#8221;1&#8243; _builder_version=&#8221;4.27.4&#8243; _module_preset=&#8221;default&#8221; background_image=&#8221;https:\/\/vbs.co.rs\/wp-content\/uploads\/2025\/05\/Zaposlenje-Valjaonica-scaled.webp&#8221; hover_enabled=&#8221;0&#8243; global_colors_info=&#8221;{}&#8221; theme_builder_area=&#8221;post_content&#8221; title_text=&#8221;Zaposlenje Valjaonica&#8221; sticky_enabled=&#8221;0&#8243; background_position=&#8221;top_left&#8221;][et_pb_row _builder_version=&#8221;4.27.4&#8243; _module_preset=&#8221;default&#8221; width=&#8221;90%&#8221; max_width=&#8221;90%&#8221; custom_margin=&#8221;30%||||false|false&#8221; global_colors_info=&#8221;{}&#8221; theme_builder_area=&#8221;post_content&#8221;][et_pb_column type=&#8221;4_4&#8243; _builder_version=&#8221;4.27.4&#8243; _module_preset=&#8221;default&#8221; global_colors_info=&#8221;{}&#8221; theme_builder_area=&#8221;post_content&#8221;][et_pb_text _builder_version=&#8221;4.27.4&#8243; _module_preset=&#8221;default&#8221; text_font=&#8221;||||||||&#8221; text_text_color=&#8221;#181b1d&#8221; text_font_size=&#8221;16px&#8221; header_font=&#8221;|300|||||||&#8221; header_text_color=&#8221;#FFFFFF&#8221; header_font_size=&#8221;56px&#8221; hover_enabled=&#8221;0&#8243; global_colors_info=&#8221;{}&#8221; theme_builder_area=&#8221;post_content&#8221; sticky_enabled=&#8221;0&#8243;]<\/p>\n<h1 style=\"text-align: left;\"><strong>CAREERS<\/strong><\/h1>\n<p>[\/et_pb_text][\/et_pb_column][\/et_pb_row][\/et_pb_section][et_pb_section fb_built=&#8221;1&#8243; _builder_version=&#8221;4.27.4&#8243; _module_preset=&#8221;default&#8221; global_colors_info=&#8221;{}&#8221;][et_pb_row _builder_version=&#8221;4.27.4&#8243; _module_preset=&#8221;default&#8221; global_colors_info=&#8221;{}&#8221;][et_pb_column type=&#8221;4_4&#8243; _builder_version=&#8221;4.27.4&#8243; _module_preset=&#8221;default&#8221; global_colors_info=&#8221;{}&#8221;][et_pb_text content_tablet=&#8221;<\/p>\n<h1 style=\"%22text-align:\" center=\"\">POSVE\u0106ENOST KVALITETU I ODR\u017dIVOM POSLOVANJU<br \/>U VALJAONICI BAKRA SEVOJNO<\/h1>\n<p>&#8221; content_phone=&#8221;<\/p>\n<h1 style=\"%22text-align:\" left=\"\">POSVE\u0106ENOST KVALITETU I ODR\u017dIVOM POSLOVANJU<br \/>U VALJAONICI BAKRA SEVOJNO<\/h1>\n<p>&#8221; content_last_edited=&#8221;off|desktop&#8221; _builder_version=&#8221;4.27.4&#8243; _module_preset=&#8221;default&#8221; text_font=&#8221;||||||||&#8221; text_text_color=&#8221;#181b1d&#8221; text_font_size=&#8221;16px&#8221; header_font=&#8221;|700|||||||&#8221; header_text_color=&#8221;#a1764b&#8221; header_font_size=&#8221;33px&#8221; custom_margin=&#8221;||15px||false|false&#8221; custom_padding=&#8221;||0px||false|false&#8221; header_line_height_tablet=&#8221;&#8221; header_line_height_phone=&#8221;1.1em&#8221; header_line_height_last_edited=&#8221;on|phone&#8221; global_colors_info=&#8221;{}&#8221;]<\/p>\n<h1 style=\"text-align: center;\">CAREERS<\/h1>\n<p>[\/et_pb_text][et_pb_text content_tablet=&#8221;<\/p>\n<p style=\"%22text-align:\" center=\"\">Valjaonica bakra Sevojno dosledno sprovodi strategiju usmerenu na vrhunski kvalitet proizvoda, za\u0161titu \u017eivotne sredine i kontinuirano unapre\u0111enje svih poslovnih procesa.<\/p>\n<p>&#8221; content_phone=&#8221;<\/p>\n<p style=\"%22text-align:\" left=\"\">Valjaonica bakra Sevojno dosledno sprovodi strategiju usmerenu na vrhunski kvalitet proizvoda, za\u0161titu \u017eivotne sredine i kontinuirano unapre\u0111enje svih poslovnih procesa.<\/p>\n<p>&#8221; content_last_edited=&#8221;off|desktop&#8221; _builder_version=&#8221;4.27.4&#8243; _module_preset=&#8221;default&#8221; text_font=&#8221;||||||||&#8221; text_text_color=&#8221;#181b1d&#8221; text_font_size=&#8221;16px&#8221; global_colors_info=&#8221;{}&#8221;]<\/p>\n<p style=\"text-align: justify;\">Copper Mill Sevojno is a company with a rich tradition, established in 1950.  The company&#8217;s development has paralleled the growth and construction of the city of U\u017eice, as well as the broader development of the Western Serbia region. Throughout its long history, Copper Mill Sevojno has employed and nurtured professionals who have significantly contributed to the non-ferrous metallurgy industry.<\/p>\n<p style=\"text-align: justify;\">Today, Copper Mill Sevojno is experiencing a significant generational shift. The modern era demands new individuals ready to swiftly embrace the challenges dictated by changes in the global non-ferrous metals market.<\/p>\n<p style=\"text-align: justify;\">To rejuvenate our workforce, Copper Mill Sevojno is open to collaboration with those who wish to work in challenging, dynamic conditions and invest long-term in their professional development. We seek energetic, proactive individuals who view new market opportunities as challenges and are prepared to establish themselves as top experts. Our focus is on professionals without prior work experience. Diligent and reliable experts, especially those with backgrounds in metallurgy, mechanical engineering, electronics, and electrical engineering, are welcome.<\/p>\n<p style=\"text-align: justify;\">Contact: <span style=\"color: #a1764b;\"><a class=\"linkpod\" href=\"mailto:posao@vbs.co.rs\" style=\"color: #a1764b;\">posao@vbs.co.rs<\/a><\/span><\/p>\n<p>[\/et_pb_text][\/et_pb_column][\/et_pb_row][\/et_pb_section]<\/p>\n","protected":false},"excerpt":{"rendered":"<p>CAREERSCAREERSCopper Mill Sevojno is a company with a rich tradition, established in 1950. The company&#8217;s development has paralleled the growth and construction of the city of U\u017eice, as well as the broader development of the Western Serbia region. Throughout its long history, Copper Mill Sevojno has employed and nurtured professionals who have significantly contributed to [&hellip;]<\/p>\n","protected":false},"author":2,"featured_media":0,"parent":0,"menu_order":0,"comment_status":"closed","ping_status":"closed","template":"","meta":{"_et_pb_use_builder":"on","_et_pb_old_content":"","_et_gb_content_width":"","footnotes":""},"class_list":["post-2205","page","type-page","status-publish","hentry"],"_links":{"self":[{"href":"https:\/\/vbs.co.rs\/en\/wp-json\/wp\/v2\/pages\/2205","targetHints":{"allow":["GET"]}}],"collection":[{"href":"https:\/\/vbs.co.rs\/en\/wp-json\/wp\/v2\/pages"}],"about":[{"href":"https:\/\/vbs.co.rs\/en\/wp-json\/wp\/v2\/types\/page"}],"author":[{"embeddable":true,"href":"https:\/\/vbs.co.rs\/en\/wp-json\/wp\/v2\/users\/2"}],"replies":[{"embeddable":true,"href":"https:\/\/vbs.co.rs\/en\/wp-json\/wp\/v2\/comments?post=2205"}],"version-history":[{"count":1,"href":"https:\/\/vbs.co.rs\/en\/wp-json\/wp\/v2\/pages\/2205\/revisions"}],"predecessor-version":[{"id":2206,"href":"https:\/\/vbs.co.rs\/en\/wp-json\/wp\/v2\/pages\/2205\/revisions\/2206"}],"wp:attachment":[{"href":"https:\/\/vbs.co.rs\/en\/wp-json\/wp\/v2\/media?parent=2205"}],"curies":[{"name":"wp","href":"https:\/\/api.w.org\/{rel}","templated":true}]}}